{"id":428,"date":"2015-01-16T10:39:38","date_gmt":"2015-01-16T09:39:38","guid":{"rendered":"http:\/\/enginar.pl\/strona-glowna\/?lang=en"},"modified":"2024-04-24T13:39:22","modified_gmt":"2024-04-24T11:39:22","slug":"strona-glowna","status":"publish","type":"page","link":"https:\/\/enginar.pl\/en\/","title":{"rendered":"Enginar | Direct Executive Search | Recruitment | HR Consulting | RPO"},"content":{"rendered":"<p>[vc_row full_width=&#8221;stretch_row&#8221; content_placement=&#8221;middle&#8221; css=&#8221;.vc_custom_1469626564295{background-image: url(http:\/\/enginar.pl\/wp-content\/uploads\/2015\/01\/home-banner.jpg?id=102) !important;background-position: 0 0 !important;background-repeat: no-repeat !important;}&#8221; el_class=&#8221;home-banner&#8221;][vc_column width=&#8221;1\/3&#8243; css=&#8221;.vc_custom_1469619995456{padding-top: 0px !important;padding-bottom: 0px !important;}&#8221;][vc_column_text css=&#8221;.vc_custom_1713958753414{margin-bottom: 0px !important;}&#8221;]<span class=\"duze-napisy cocon\" style=\"color: #ffffff;\">Welcome to Enginar<\/span><\/p>\n<p><span style=\"color: #ffffff;\">We are a HR consulting company specializing in the recruitment of specialists, professionals, managers and senior level executives. We are dedicated to providing services of the very highest quality. We truly aim to partner with our Clients, always trying to place ourselves in their shoes in order to try and understand their unique requirements. This allows us to always tailor our services to the Client&#8217;s needs rather than prescribing a single solution ensuring we are always flexible and adapt to their needs. We work with many large corporations that are household names that you will have heard of as well as smaller businesses and innovative \u2018start ups\u2019 you won\u2019t have heard of. They are all equally important us.<\/span>[\/vc_column_text][\/vc_column][vc_column width=&#8221;2\/3&#8243; css=&#8221;.vc_custom_1469619990827{padding-top: 0px !important;padding-bottom: 0px !important;}&#8221;][vc_column_text css=&#8221;.vc_custom_1471518001455{margin-bottom: 0px !important;}&#8221; el_class=&#8221;special-border&#8221;]<span class=\"line-one\" style=\"color: #ffffff;\">deliver<\/span><br \/>\n<span class=\"line-two\" style=\"color: #ffffff;\"> more than<\/span><br \/>\n<span class=\"line-three\" style=\"color: #ffffff;\"> expected<\/span>[\/vc_column_text][\/vc_column][\/vc_row][vc_row full_width=&#8221;stretch_row&#8221; disable_element=&#8221;yes&#8221; css=&#8221;.vc_custom_1638386752549{padding-top: 60px !important;padding-bottom: 110px !important;background-color: #3f3e3a !important;}&#8221;][vc_column css=&#8221;.vc_custom_1469689764813{padding-top: 0px !important;padding-bottom: 0px !important;}&#8221;]<div class=\"filters-container home-filters\">\r\n\t<form id=\"search_frm\" method=\"post\" action=\"http:\/\/enginar.pl\/oferty-pracy\/\">\r\n\t\t<input id=\"offer_filters\" name=\"filters_enabled\" type=\"hidden\" value=\"1\">\r\n\t\t<input id=\"keywords\" name=\"w_wo\" type=\"text\" placeholder=\"Position \/ Occupation\">\r\n\t\t<input id=\"location\" name=\"location\" type=\"text\" placeholder=\"Location\">\r\n\t\t<input class=\"button button-large\" type=\"submit\" value=\"search\">\r\n\t<\/form>\r\n<\/div>[\/vc_column][\/vc_row][vc_row equal_height=&#8221;yes&#8221; css=&#8221;.vc_custom_1469692767830{margin-top: -50px !important;margin-bottom: 55px !important;}&#8221; el_class=&#8221;home-tiles-container&#8221;][vc_column width=&#8221;1\/2&#8243; css=&#8221;.vc_custom_1469691253534{padding-top: 0px !important;padding-bottom: 0px !important;}&#8221;][vc_column_text css=&#8221;.vc_custom_1713958720720{margin-bottom: 0px !important;padding-top: 20px !important;padding-right: 20px !important;padding-bottom: 20px !important;padding-left: 20px !important;background-color: #ffffff !important;}&#8221; el_class=&#8221;home-tile&#8221;]<\/p>\n<p style=\"text-align: center;\"><span class=\"section-title\">For Candidates<\/span><a href=\"https:\/\/enginar.recruitify.ai\/cv\"><span class=\"ogromne-napisy cocon\" style=\"color: #80bc5f;\">Submit Resume<\/span><\/a><\/p>\n<p>[\/vc_column_text][\/vc_column][vc_column width=&#8221;1\/2&#8243; css=&#8221;.vc_custom_1469691259826{padding-top: 0px !important;padding-bottom: 0px !important;}&#8221;][vc_column_text css=&#8221;.vc_custom_1713958702728{margin-bottom: 0px !important;padding-top: 20px !important;padding-right: 20px !important;padding-bottom: 20px !important;padding-left: 20px !important;background-color: #ffffff !important;}&#8221; el_class=&#8221;home-tile&#8221;]<\/p>\n<p style=\"text-align: center;\"><span class=\"section-title\">For Clients<\/span><a href=\"https:\/\/enginar.pl\/en\/clients\/register-vacancy\/\"><span class=\"ogromne-napisy cocon\" style=\"color: #80bc5f;\">Request Services<\/span><\/a><\/p>\n<p>[\/vc_column_text][\/vc_column][\/vc_row][vc_row full_width=&#8221;stretch_row&#8221; css=&#8221;.vc_custom_1469626738690{padding-top: 65px !important;padding-bottom: 65px !important;background-image: url(http:\/\/enginar.pl\/wp-content\/uploads\/2016\/07\/section-bg.jpg?id=80) !important;background-position: center !important;background-repeat: no-repeat !important;background-size: cover !important;}&#8221;][vc_column css=&#8221;.vc_custom_1469626258090{padding-top: 0px !important;padding-bottom: 0px !important;}&#8221;][vc_column_text css=&#8221;.vc_custom_1469626381221{margin-bottom: 0px !important;}&#8221;]<\/p>\n<p style=\"text-align: center;\"><span class=\"bardzo-duze cocon\"><span style=\"color: #ffffff;\">use<\/span> <span style=\"color: #88c069;\">Enginar<\/span> <span style=\"color: #ffffff;\">and join the group of satisfied users<\/span><\/span><\/p>\n<p>[\/vc_column_text][\/vc_column][\/vc_row][vc_row css=&#8221;.vc_custom_1469626862253{padding-top: 55px !important;padding-bottom: 55px !important;}&#8221;][vc_column css=&#8221;.vc_custom_1469626856525{padding-top: 0px !important;padding-bottom: 0px !important;}&#8221;][vc_column_text]<\/p>\n<h3 class=\"section-title\">News<\/h3>\n<p>[\/vc_column_text]\n\t<div class=\"latest-news-container \">\n\t\t\t\t\t<article id=\"post-851\" class=\"single-news post-851 post type-post status-publish format-standard hentry category-news tag-bepieczenstwo-en tag-depresja-en tag-enginar-en tag-praca-en tag-psychika-en tag-stres-en tag-zaburzenia-en tag-zdrowie-en\">\n\t\t\t\t<h2 class=\"entry-title\"><a href=\"https:\/\/enginar.pl\/en\/news\/depresja-w-pracy\/\" rel=\"bookmark\">Depresja w pracy<\/a><\/h2>\t\t\t\t<p style=\"text-align: justify;\">Cho\u0107 teoretycznie \u017cyjemy w najbezpieczniejszych czasach w historii, jeszcze nigdy nie byli\u015bmy tak zestresowani. Co czwarty z nas w swoim \u017cyciu do\u015bwiadczy jakiej\u015b formy zaburze\u0144 psychicznych, a ju\u017c dzi\u015b liczba os\u00f3b z depresj\u0105 przekracza 300 milion\u00f3w \u2013 i ci\u0105gle ro\u015bnie. Statystyki s\u0105 przera\u017caj\u0105ce i nie pozostawiaj\u0105 w\u0105tpliwo\u015bci, \u017ce \u017cyjemy w cywilizacji l\u0119ku. Odbija si\u0119 to na wszystkich sferach naszego \u017cycia, tak\u017ce na jako\u015bci wykonywanej pracy. Jak skutecznie zmierzy\u0107 si\u0119 z tym problemem? Przed pracodawcami pojawia si\u0119 mn\u00f3stwo nowych wyzwa\u0144. <a href=\"https:\/\/enginar.pl\/en\/news\/depresja-w-pracy\/#more-851\" class=\"more-link\">read more <span class=\"screen-reader-text\">&#8220;Depresja w pracy&#8221;<\/span><\/a><\/p>\n\t\t\t\t\t\t\t\t\t<div class=\"entry-meta\">\n\t\t\t\t\t<\/div><!-- .entry-meta -->\n\t\t\t\t\t\t\t<\/article>\n\t\t\t\t\t<article id=\"post-830\" class=\"single-news post-830 post type-post status-publish format-standard hentry category-news\">\n\t\t\t\t<h2 class=\"entry-title\"><a href=\"https:\/\/enginar.pl\/en\/news\/rekrutacja-przez-sms\/\" rel=\"bookmark\">Rekrutacja przez SMS<\/a><\/h2>\t\t\t\t<p class=\"Standard\"><i>Rosn\u0105cy trend rekrutacji opartej na wiadomo\u015bciach tekstowych wkroczy\u0142 na kolejny poziom i prawdopodobnie dokona niema\u0142ej rewolucji. W styczniu nowoczesna platforma <a href=\"http:\/\/www.textrecruit.com\">TextRecruit<\/a> zosta\u0142a oficjalnie nabyta przez iCIMS, wiod\u0105cego na wirtualnym rynku dostawc\u0119 us\u0142ug z zakresu pozyskiwania talent\u00f3w.<\/i> <a href=\"https:\/\/enginar.pl\/en\/news\/rekrutacja-przez-sms\/#more-830\" class=\"more-link\">read more <span class=\"screen-reader-text\">&#8220;Rekrutacja przez SMS&#8221;<\/span><\/a><\/p>\n\t\t\t\t\t\t\t\t\t<div class=\"entry-meta\">\n\t\t\t\t\t<\/div><!-- .entry-meta -->\n\t\t\t\t\t\t\t<\/article>\n\t\t\t\t\t<article id=\"post-815\" class=\"single-news post-815 post type-post status-publish format-standard hentry category-news\">\n\t\t\t\t<h2 class=\"entry-title\"><a href=\"https:\/\/enginar.pl\/en\/news\/komu-przeszkadza-tatuaz-w-pracy\/\" rel=\"bookmark\">Komu przeszkadza tatua\u017c w pracy?<\/a><\/h2>\t\t\t\t<p class=\"Standard\" style=\"text-align: justify;\"><span class=\"StrongEmphasis\">Czy adwokat z wytatuowanym przedramieniem gorzej zadba\u0142by o nasze interesy, a lekarz z kotwic\u0105 na \u0142ydce nie zdo\u0142a\u0142by nas wyleczy\u0107? W\u0105tpliwe, jednak nadal mamy sk\u0142onno\u015b\u0107 do stereotypowego postrzegania os\u00f3b, kt\u00f3re ozdabiaj\u0105 cia\u0142o piercingiem czy tatua\u017cami, mimo \u017ce ju\u017c od dawna nie kojarz\u0105 si\u0119 one z przynale\u017cno\u015bci\u0105 do gangu. Czasy si\u0119 zmieniaj\u0105, coraz bardziej cenimy indywidualizm i kreatywne wyra\u017canie siebie \u2013 rynek pracy pozostaje jednak w tej kwestii stosunkowo konserwatywny. Zbyt pochopne szufladkowanie pracownik\u00f3w ze wzgl\u0119du na ich wizerunek bywa nie tylko nieuzasadnion\u0105 dyskryminacj\u0105, ale mo\u017ce tak\u017ce skutkowa\u0107 przegapieniem prawdziwych talent\u00f3w.<\/span> <a href=\"https:\/\/enginar.pl\/en\/news\/komu-przeszkadza-tatuaz-w-pracy\/#more-815\" class=\"more-link\">read more <span class=\"screen-reader-text\">&#8220;Komu przeszkadza tatua\u017c w pracy?&#8221;<\/span><\/a><\/p>\n\t\t\t\t\t\t\t\t\t<div class=\"entry-meta\">\n\t\t\t\t\t<\/div><!-- .entry-meta -->\n\t\t\t\t\t\t\t<\/article>\n\t\t\t<\/div>\n[\/vc_column][\/vc_row]<\/p>\n","protected":false},"excerpt":{"rendered":"<p>[vc_row full_width=&#8221;stretch_row&#8221; content_placement=&#8221;middle&#8221; css=&#8221;.vc_custom_1469626564295{background-image: url(http:\/\/enginar.pl\/wp-content\/uploads\/2015\/01\/home-banner.jpg?id=102) !important;background-position: 0 0 !important;background-repeat: no-repeat !important;}&#8221; el_class=&#8221;home-banner&#8221;][vc_column width=&#8221;1\/3&#8243; css=&#8221;.vc_custom_1469619995456{padding-top: 0px !important;padding-bottom: 0px !important;}&#8221;][vc_column_text css=&#8221;.vc_custom_1713958753414{margin-bottom: 0px !important;}&#8221;]Welcome to Enginar We are a HR consulting company specializing in the recruitment of specialists, professionals, managers and senior level executives. We are dedicated to providing services of the very highest quality. We truly aim [&hellip;]<\/p>\n","protected":false},"author":1,"featured_media":0,"parent":0,"menu_order":0,"comment_status":"closed","ping_status":"open","template":"page-templates\/homepage.php","meta":{"_acf_changed":false,"footnotes":""},"class_list":["post-428","page","type-page","status-publish","hentry"],"acf":[],"yoast_head":"<!-- This site is optimized with the Yoast SEO plugin v27.5 - https:\/\/yoast.com\/product\/yoast-seo-wordpress\/ -->\n<title>Enginar | Direct Executive Search | Recruitment | HR Consulting | RPO - Enginar<\/title>\n<meta name=\"robots\" content=\"index, follow, max-snippet:-1, max-image-preview:large, max-video-preview:-1\" \/>\n<link rel=\"canonical\" href=\"https:\/\/enginar.pl\/en\/\" \/>\n<meta property=\"og:locale\" content=\"en_US\" \/>\n<meta property=\"og:type\" content=\"article\" \/>\n<meta property=\"og:title\" content=\"Enginar | Direct Executive Search | Recruitment | HR Consulting | RPO - Enginar\" \/>\n<meta property=\"og:description\" content=\"[vc_row full_width=&#8221;stretch_row&#8221; content_placement=&#8221;middle&#8221; css=&#8221;.vc_custom_1469626564295{background-image: url(http:\/\/enginar.pl\/wp-content\/uploads\/2015\/01\/home-banner.jpg?id=102) !important;background-position: 0 0 !important;background-repeat: no-repeat !important;}&#8221; el_class=&#8221;home-banner&#8221;][vc_column width=&#8221;1\/3&#8243; css=&#8221;.vc_custom_1469619995456{padding-top: 0px !important;padding-bottom: 0px !important;}&#8221;][vc_column_text css=&#8221;.vc_custom_1713958753414{margin-bottom: 0px !important;}&#8221;]Welcome to Enginar We are a HR consulting company specializing in the recruitment of specialists, professionals, managers and senior level executives. We are dedicated to providing services of the very highest quality. We truly aim [&hellip;]\" \/>\n<meta property=\"og:url\" content=\"https:\/\/enginar.pl\/en\/\" \/>\n<meta property=\"og:site_name\" content=\"Enginar\" \/>\n<meta property=\"article:publisher\" content=\"https:\/\/www.facebook.com\/enginarpl\/?ref=aymt_homepage_panel\" \/>\n<meta property=\"article:modified_time\" content=\"2024-04-24T11:39:22+00:00\" \/>\n<meta name=\"twitter:label1\" content=\"Est. reading time\" \/>\n\t<meta name=\"twitter:data1\" content=\"3 minutes\" \/>\n<script type=\"application\/ld+json\" class=\"yoast-schema-graph\">{\"@context\":\"https:\\\/\\\/schema.org\",\"@graph\":[{\"@type\":\"WebPage\",\"@id\":\"https:\\\/\\\/enginar.pl\\\/en\\\/\",\"url\":\"https:\\\/\\\/enginar.pl\\\/en\\\/\",\"name\":\"Enginar | Direct Executive Search | Recruitment | HR Consulting | RPO - Enginar\",\"isPartOf\":{\"@id\":\"https:\\\/\\\/enginar.pl\\\/#website\"},\"datePublished\":\"2015-01-16T09:39:38+00:00\",\"dateModified\":\"2024-04-24T11:39:22+00:00\",\"breadcrumb\":{\"@id\":\"https:\\\/\\\/enginar.pl\\\/en\\\/#breadcrumb\"},\"inLanguage\":\"en-US\",\"potentialAction\":[{\"@type\":\"ReadAction\",\"target\":[\"https:\\\/\\\/enginar.pl\\\/en\\\/\"]}]},{\"@type\":\"BreadcrumbList\",\"@id\":\"https:\\\/\\\/enginar.pl\\\/en\\\/#breadcrumb\",\"itemListElement\":[{\"@type\":\"ListItem\",\"position\":1,\"name\":\"Strona g\u0142\u00f3wna\",\"item\":\"https:\\\/\\\/enginar.pl\\\/en\\\/\"},{\"@type\":\"ListItem\",\"position\":2,\"name\":\"Enginar | Direct Executive Search | Recruitment | HR Consulting | RPO\"}]},{\"@type\":\"WebSite\",\"@id\":\"https:\\\/\\\/enginar.pl\\\/#website\",\"url\":\"https:\\\/\\\/enginar.pl\\\/\",\"name\":\"Enginar\",\"description\":\"\",\"potentialAction\":[{\"@type\":\"SearchAction\",\"target\":{\"@type\":\"EntryPoint\",\"urlTemplate\":\"https:\\\/\\\/enginar.pl\\\/?s={search_term_string}\"},\"query-input\":{\"@type\":\"PropertyValueSpecification\",\"valueRequired\":true,\"valueName\":\"search_term_string\"}}],\"inLanguage\":\"en-US\"}]}<\/script>\n<!-- \/ Yoast SEO plugin. -->","yoast_head_json":{"title":"Enginar | Direct Executive Search | Recruitment | HR Consulting | RPO - Enginar","robots":{"index":"index","follow":"follow","max-snippet":"max-snippet:-1","max-image-preview":"max-image-preview:large","max-video-preview":"max-video-preview:-1"},"canonical":"https:\/\/enginar.pl\/en\/","og_locale":"en_US","og_type":"article","og_title":"Enginar | Direct Executive Search | Recruitment | HR Consulting | RPO - Enginar","og_description":"[vc_row full_width=&#8221;stretch_row&#8221; content_placement=&#8221;middle&#8221; css=&#8221;.vc_custom_1469626564295{background-image: url(http:\/\/enginar.pl\/wp-content\/uploads\/2015\/01\/home-banner.jpg?id=102) !important;background-position: 0 0 !important;background-repeat: no-repeat !important;}&#8221; el_class=&#8221;home-banner&#8221;][vc_column width=&#8221;1\/3&#8243; css=&#8221;.vc_custom_1469619995456{padding-top: 0px !important;padding-bottom: 0px !important;}&#8221;][vc_column_text css=&#8221;.vc_custom_1713958753414{margin-bottom: 0px !important;}&#8221;]Welcome to Enginar We are a HR consulting company specializing in the recruitment of specialists, professionals, managers and senior level executives. We are dedicated to providing services of the very highest quality. We truly aim [&hellip;]","og_url":"https:\/\/enginar.pl\/en\/","og_site_name":"Enginar","article_publisher":"https:\/\/www.facebook.com\/enginarpl\/?ref=aymt_homepage_panel","article_modified_time":"2024-04-24T11:39:22+00:00","twitter_misc":{"Est. reading time":"3 minutes"},"schema":{"@context":"https:\/\/schema.org","@graph":[{"@type":"WebPage","@id":"https:\/\/enginar.pl\/en\/","url":"https:\/\/enginar.pl\/en\/","name":"Enginar | Direct Executive Search | Recruitment | HR Consulting | RPO - Enginar","isPartOf":{"@id":"https:\/\/enginar.pl\/#website"},"datePublished":"2015-01-16T09:39:38+00:00","dateModified":"2024-04-24T11:39:22+00:00","breadcrumb":{"@id":"https:\/\/enginar.pl\/en\/#breadcrumb"},"inLanguage":"en-US","potentialAction":[{"@type":"ReadAction","target":["https:\/\/enginar.pl\/en\/"]}]},{"@type":"BreadcrumbList","@id":"https:\/\/enginar.pl\/en\/#breadcrumb","itemListElement":[{"@type":"ListItem","position":1,"name":"Strona g\u0142\u00f3wna","item":"https:\/\/enginar.pl\/en\/"},{"@type":"ListItem","position":2,"name":"Enginar | Direct Executive Search | Recruitment | HR Consulting | RPO"}]},{"@type":"WebSite","@id":"https:\/\/enginar.pl\/#website","url":"https:\/\/enginar.pl\/","name":"Enginar","description":"","potentialAction":[{"@type":"SearchAction","target":{"@type":"EntryPoint","urlTemplate":"https:\/\/enginar.pl\/?s={search_term_string}"},"query-input":{"@type":"PropertyValueSpecification","valueRequired":true,"valueName":"search_term_string"}}],"inLanguage":"en-US"}]}},"_links":{"self":[{"href":"https:\/\/enginar.pl\/en\/wp-json\/wp\/v2\/pages\/428","targetHints":{"allow":["GET"]}}],"collection":[{"href":"https:\/\/enginar.pl\/en\/wp-json\/wp\/v2\/pages"}],"about":[{"href":"https:\/\/enginar.pl\/en\/wp-json\/wp\/v2\/types\/page"}],"author":[{"embeddable":true,"href":"https:\/\/enginar.pl\/en\/wp-json\/wp\/v2\/users\/1"}],"replies":[{"embeddable":true,"href":"https:\/\/enginar.pl\/en\/wp-json\/wp\/v2\/comments?post=428"}],"version-history":[{"count":10,"href":"https:\/\/enginar.pl\/en\/wp-json\/wp\/v2\/pages\/428\/revisions"}],"predecessor-version":[{"id":1122,"href":"https:\/\/enginar.pl\/en\/wp-json\/wp\/v2\/pages\/428\/revisions\/1122"}],"wp:attachment":[{"href":"https:\/\/enginar.pl\/en\/wp-json\/wp\/v2\/media?parent=428"}],"curies":[{"name":"wp","href":"https:\/\/api.w.org\/{rel}","templated":true}]}}